{"id":25,"date":"2014-02-15T21:56:17","date_gmt":"2014-02-15T19:56:17","guid":{"rendered":"https:\/\/saijakivikangas.site\/?page_id=25"},"modified":"2025-03-07T20:15:13","modified_gmt":"2025-03-07T18:15:13","slug":"cv","status":"publish","type":"page","link":"https:\/\/saijakivikangas.com\/en\/cv\/","title":{"rendered":"CV"},"content":{"rendered":"<p>[et_pb_section fb_built=&#8221;1&#8243; _builder_version=&#8221;4.19.2&#8243; _module_preset=&#8221;default&#8221; global_colors_info=&#8221;{}&#8221;][et_pb_row _builder_version=&#8221;4.19.2&#8243; _module_preset=&#8221;default&#8221; global_colors_info=&#8221;{}&#8221;][et_pb_column type=&#8221;4_4&#8243; _builder_version=&#8221;4.19.2&#8243; _module_preset=&#8221;default&#8221; global_colors_info=&#8221;{}&#8221;][et_pb_text _builder_version=&#8221;4.27.4&#8243; _module_preset=&#8221;default&#8221; header_3_letter_spacing=&#8221;4px&#8221; header_4_font=&#8221;|||on|||||&#8221; header_4_letter_spacing=&#8221;2px&#8221; link_option_url=&#8221;https:\/\/www.instagram.com\/saijakivikangas\/&#8221; link_option_url_new_window=&#8221;on&#8221; hover_enabled=&#8221;0&#8243; global_colors_info=&#8221;{}&#8221; sticky_enabled=&#8221;0&#8243;]<\/p>\n<p><a href=\"https:\/\/www.instagram.com\/saijakivikangas\/\" target=\"_blank\" rel=\"noopener\" title=\"Instagram\"><img loading=\"lazy\" decoding=\"async\" src=\"https:\/\/saijakivikangas.com\/wp-content\/uploads\/2022\/12\/insta_logo.png\" width=\"25\" height=\"25\" alt=\"\" class=\"wp-image-906 alignnone size-full\" srcset=\"https:\/\/saijakivikangas.com\/wp-content\/uploads\/2022\/12\/insta_logo.png 50w, https:\/\/saijakivikangas.com\/wp-content\/uploads\/2022\/12\/insta_logo-12x12.png 12w\" sizes=\"(max-width: 25px) 100vw, 25px\" \/><\/a><\/p>\n<p>saija.kivikangas(a)gmail.com<\/p>\n<p>&nbsp;<\/p>\n<h3>SAIJA \u00a0KIVIKANGAS<\/h3>\n<p>b. 1984, Mikkeli, Finland<\/p>\n<p>Lives and works in Lahti (FI)<\/p>\n<p>&nbsp;<\/p>\n<h4>STUDIES<\/h4>\n<p>2021 Master of Fine Arts at Kuvataideakatemia, Painting, University of Arts Helsinki, Finland<\/p>\n<p>2009 BFA, Lahti University of Applied Sciences, Institute of Fine Arts, Finland<\/p>\n<p>2008 AKI, ArtEZ Academie voor Beeldende Kunsten, Enschede, Netherlands<\/p>\n<p>Peoples college of Liminka, Department of Fine Arts, Finland<\/p>\n<p>&nbsp;<\/p>\n<h4>SOLO EXHIBITIONS (selected)<\/h4>\n<p dir=\"ltr\"><span>2020<\/span><span> <\/span><span>Galleria Live, Helsinki (FI)<\/span><\/p>\n<p dir=\"ltr\"><span>2020<\/span><span> <\/span><span> <\/span><span>&lt; O &gt; ,  Part 2 of the master's thesis, Project Room, Helsinki (FI)<\/span><\/p>\n<p dir=\"ltr\"><span>2020<\/span><span> <\/span><span> <\/span><span>JukoArt, Teatteri Vanha Juko, Lahti (FI)<\/span><\/p>\n<p dir=\"ltr\"><span>2017 <\/span><span> <\/span><span>Dead woman\u00b4s paintings, Message from a future, Serlachius residence, M\u00e4ntt\u00e4 (FI)\u00a0<\/span><\/p>\n<p dir=\"ltr\"><span>2016<\/span><span> <\/span><span> <\/span><span>Time Matter 2, Ti-La 2016, Jyv\u00e4skyl\u00e4 (FI)<\/span><\/p>\n<p dir=\"ltr\"><span>2016<\/span><span> <\/span><span> <\/span><span>Time Matter, Galleria Huuto, J\u00e4tk\u00e41, Helsinki (FI)<\/span><\/p>\n<p dir=\"ltr\"><span>2015<\/span><span> <\/span><span> <\/span><span>Dead woman\u00b4s paintings, Theater show &amp; Solo expo, Teatteri vanha Juko, Lahti (FI)<\/span><\/p>\n<p dir=\"ltr\"><span>2014<\/span><span> <\/span><span> <\/span><span>Paintings of Perfect Circles, Galleria Jangva, Helsinki (FI)<\/span><\/p>\n<p dir=\"ltr\"><span>2014<\/span><span> <\/span><span> <\/span><span>When is it Perfect?, Taidekeskus M\u00e4ltinranta, Tampere (FI)<\/span><\/p>\n<p dir=\"ltr\"><span>2013<\/span><span> <\/span><span> <\/span><span>Calculated incompleteness, Promenadigalleria, Hyvink\u00e4\u00e4 (FI)<\/span><\/p>\n<p dir=\"ltr\"><span>2013<\/span><span> <\/span><span> <\/span><span>Black off 3, Vanha Raatihuoneen galleria, Turku (FI)<\/span><\/p>\n<p dir=\"ltr\"><span>2013<\/span><span> <\/span><span> <\/span><span>Dead woman\u00b4s paintings, Galleria Aarni, Espoo (FI)<\/span><\/p>\n<p dir=\"ltr\"><span>2013<\/span><span> <\/span><span> <\/span><span>Black off 2, Poriginal galleria, Pori (FI)<\/span><\/p>\n<p dir=\"ltr\"><span>2012<\/span><span> <\/span><span> <\/span><span>Black off, TM Galleria, Helsinki (FI)<\/span><\/p>\n<p dir=\"ltr\"><span>2011<\/span><span> <\/span><span> <\/span><span>Broken, Galleria Kapriisi, Tampere (FI)<\/span><\/p>\n<p dir=\"ltr\"><span>2011<\/span><span> <\/span><span> <\/span><span>Hidden reality, Galleria Rantakasarmi, Helsinki (FI)<\/span><\/p>\n<p dir=\"ltr\"><span>2010<\/span><span> <\/span><span> <\/span><span>Composite, Galleria Pirkko-Liisa Topelius, Helsinki (FI)<\/span><\/p>\n<p>&nbsp;<\/p>\n<h4>GROUP EXHIBITIONS (selected)<\/h4>\n<p>2024 Liminalia, Galerie Anhava, Helsinki (FI)<\/p>\n<p><span style=\"font-weight: 400;\">2024 Treats from the Malva Art Collections, Lahti Museum of Visual Arts Malva (FI)<\/span><\/p>\n<p><span style=\"font-weight: 400;\">2023 Pieks\u00e4m\u00e4ki Young Artists\u00b4 7th Triennal, Cultural Centre Poleeni, Pieks\u00e4m\u00e4ki (FI)<\/span><\/p>\n<p dir=\"ltr\"><span>2021<\/span><span> <\/span><span> <\/span><span>ergs, Sar, igs, Glasshouse Helsinki gallery, Helsinki (FI)<\/span><\/p>\n<p dir=\"ltr\"><span>2021<\/span><span> <\/span><span> <\/span><span>Everyday human -art project, Kauno ry &amp; LAB collaboration as part of <\/span><span>European Green <\/span><span>Capital\u00a0 <\/span><span style=\"font-size: 14px;\">event, Lahti (FI)<\/span><\/p>\n<p dir=\"ltr\"><span>2020<\/span><span> <\/span><span> <\/span><span>Group exhibition in honor of Ismo Alango's artist jubilee year, Tiketti Gallery, Helsinki (FI)<\/span><\/p>\n<p dir=\"ltr\"><span>2019<\/span><span> <\/span><span> <\/span><span>Kuvan Kev\u00e4t 2019, Academy of Fine Arts in Helsinki MA degree show, Exhibition laboratory B, Helsinki (FI)<\/span><\/p>\n<p dir=\"ltr\"><span>2018<\/span><span> <\/span><span> <\/span><span>The Paulo Foundation invitational exhibition, The Immaterial Quality of Distance with <\/span><span style=\"font-size: 14px;\">Emma Peura, Project Room, Helsinki (FI)<\/span><\/p>\n<p dir=\"ltr\"><span>2018<\/span><span> <\/span><span> <\/span><span>Portrait of the President of the Republic of Finland Sauli Niinist\u00f6, Ateneum Art Museum, Helsinki (FI)<\/span><\/p>\n<p dir=\"ltr\"><span>2018<\/span><span> <\/span><span> <\/span><span>Art and computation, Exhibition laboratory, Helsinki (FI)<\/span><\/p>\n<p dir=\"ltr\"><span>2018<\/span><span> <\/span><span> <\/span><span>Rajallisia tilaisuuksia, Exhibition laboratory, Helsinki (FI)<\/span><\/p>\n<p dir=\"ltr\"><span>2018<\/span><span> <\/span><span> <\/span><span>Tiloissa, Summer exhibition, Art Center Haihatus, Joutsa (FI)<\/span><\/p>\n<p dir=\"ltr\"><span>2014<\/span><span> <\/span><span> <\/span><span>Hetkinen XIX M\u00e4ntt\u00e4 Art Festivals, M\u00e4ntt\u00e4 (FI)<\/span><\/p>\n<p dir=\"ltr\"><span>2013<\/span><span> <\/span><span> <\/span><span>Seeing City, in Disain\u00f6\u00f6 night Festival, Tallinn (EE)<\/span><\/p>\n<p dir=\"ltr\"><span>2010<\/span><span> <\/span><span> <\/span><span>Taiteilijat 2010, Tampere (FI)<\/span><\/p>\n<p dir=\"ltr\"><span>2010<\/span><span> <\/span><span> <\/span><span>The Art of Basware, a Young art Competition, Sanomatalo, Helsinki (FI)<\/span><\/p>\n<p dir=\"ltr\"><span>2009<\/span><span> <\/span><span> <\/span><span>SkJL 09, Museum of Fine Arts in Kouvola (FI)<\/span><\/p>\n<p dir=\"ltr\"><span>2009<\/span><span> <\/span><span> <\/span><span>More artist, Kaapelitehdas, Puristamo, Helsinki (FI)<\/span><\/p>\n<p dir=\"ltr\"><span>2008<\/span><span> <\/span><span> <\/span><span>Wizard of Mess, Enschede (NL)<\/span><\/p>\n<p dir=\"ltr\"><span>2008<\/span><span> <\/span><span> <\/span><span>Wall of Statements, Venice (IT), Aberdeen (UK), Braunschweig (DE), Bristol (UK), Enschede (NL), <\/span><span style=\"font-size: 14px;\">Istanbul (TR), Muenster (DE), Strasbourg (FR), Wroclaw (PL)<\/span><\/p>\n<p dir=\"ltr\"><span>2008<\/span><span> <\/span><span> <\/span><span>Transforms, Fase2, Enschede (NL)<\/span><\/p>\n<p dir=\"ltr\"><span>2008<\/span><span> <\/span><span> <\/span><span>Hawerkamp, Muenster (DE)<\/span><\/p>\n<p dir=\"ltr\"><span>2007<\/span><span> <\/span><span> <\/span><span>Xetmuseum, Botkyrka (SE)<\/span><\/p>\n<p dir=\"ltr\"><span>2007<\/span><span> <\/span><span> <\/span><span>If walls could speak, Kerava Art Museum (FI)<\/span><\/p>\n<p dir=\"ltr\"><span>2007<\/span><span> <\/span><span> <\/span><span>If walls could speak, Botkyrka Konsthall (SE)<\/span><\/p>\n<p dir=\"ltr\"><span>2006<\/span><span> <\/span><span> <\/span><span>Slave &amp; Master, Galleria Rajatila, Tampere (FI)<\/span><\/p>\n<p>&nbsp;<\/p>\n<h4><span>PERFORMANCES &amp; THEATER, MUSIC<\/span><\/h4>\n<p>2021 Hetken taulu, Drawing performance to Mikael Saari's Hetken laulut closing concert, Teatteri Vanha Juko, Lahti (FI)<\/p>\n<p>2019 Vilisee, Lyrics together with Minja Koski, M, Solina Records<\/p>\n<p>2016 Halko #2, Teatteri Vanha Juko, Lahti (FI)<\/p>\n<p>2015\u201316 Dead woman\u00b4s paintings Theater show, Manuscript, Acting. Group; Saija Kivikangas, Minja Koski, Linda Wallgren, Jussi-Pekka Parviainen, Nadja R\u00e4ikk\u00e4, Teatteri vanha Juko, Lahti (FI)<\/p>\n<p>Circle performance with Heikki M\u00e4ntymaa, Galleria Jangva, Helsinki (FI)<\/p>\n<p>Painting performance to camera with Sanna Kaesmae, Galleria Jangva, Helsinki (FI)<\/p>\n<p>2011 \u201cDo not touch\u201d, Ovi Rivoon, The Art and Design Centre Ars Auttoinen, Padasjoki (FI)<\/p>\n<p>2008 \u201cEyeglasses\u201d performanssi Miriam Nieva, AKI + Conservatorium Festival, Het Dan Van De Autonimie, Enschede (NL)<\/p>\n<p>2006 \u201cBanana means work to someone\u201d &amp; \u201cHead practice\u201d, Video performances, Galleria Maatila, Helsinki (FI)<\/p>\n<p>&nbsp;<\/p>\n<h4><span>Prizes<\/span><\/h4>\n<p dir=\"ltr\"><span>2022<\/span><span> <\/span><span> <\/span><span>William Thuring -designated prize (FI)<\/span><\/p>\n<p dir=\"ltr\"><span>2019<\/span><span> <\/span><span> <\/span><span>Anita Snellman Foundation (FI)<\/span><\/p>\n<p dir=\"ltr\"><span>2018<\/span><span> <\/span><span> <\/span><span>THE PAULO FOUNDATION (FI)<\/span><\/p>\n<p dir=\"ltr\"><span>2009<\/span><span> <\/span><span> <\/span><span>Lahti Art Museum Association (FI)<\/span><\/p>\n<p>&nbsp;<\/p>\n<h4><span>Scholarships<\/span><\/h4>\n<p><span>2024 Working grant, City of Lahti (FI)<\/span><\/p>\n<p dir=\"ltr\"><span>2021<\/span><span>\u00a02 months\u00a0<\/span><span><\/span><span>Taike (FI)<\/span><\/p>\n<p dir=\"ltr\"><span>2015<\/span><span> <\/span><span> <\/span><span>6 months, Arts Promotion Centre Finland<\/span><\/p>\n<p dir=\"ltr\"><span>2015<\/span><span> <\/span><span> <\/span><span>Finnish Cultural Foundation, P\u00e4ij\u00e4t-H\u00e4me \/ Dead Woman\u00b4s paintings theater show group (FI)<\/span><\/p>\n<p dir=\"ltr\"><span>2014<\/span><span> <\/span><span> <\/span><span>Kauno ry (FI)<\/span><\/p>\n<p dir=\"ltr\"><span>2013<\/span><span> <\/span><span> <\/span><span>1 year, Finnish Cultural Foundation, P\u00e4ij\u00e4t-H\u00e4me (FI)<\/span><\/p>\n<p dir=\"ltr\"><span>2013<\/span><span> <\/span><span> <\/span><span>Kauno ry (FI)<\/span><\/p>\n<p dir=\"ltr\"><span>2012<\/span><span> <\/span><span> <\/span><span>Display grant, Arts Council of Finland<\/span><\/p>\n<p dir=\"ltr\"><span>2012<\/span><span> <\/span><span> <\/span><span>Kauno ry (FI)<\/span><\/p>\n<p dir=\"ltr\"><span>2011<\/span><span> <\/span><span> <\/span><span>Pieks\u00e4m\u00e4ki artist\u00b4s association (FI)<\/span><\/p>\n<p dir=\"ltr\"><span>2011<\/span><span> <\/span><span> <\/span><span>2 x Kauno ry (FI)<\/span><\/p>\n<p dir=\"ltr\"><span>2011<\/span><span> <\/span><span> <\/span><span>1 year, Arts Council of Finland\u00a0<\/span><\/p>\n<p dir=\"ltr\"><span>2010<\/span><span> <\/span><span> <\/span><span>2 x Kauno ry (FI)<\/span><\/p>\n<p>&nbsp;<\/p>\n<h4><span>Memberships<\/span><\/h4>\n<p dir=\"ltr\"><span>Finnish painters\u00b4 Union<\/span><\/p>\n<p dir=\"ltr\"><span>Lahti Artist\u00b4s association (FI)<\/span><\/p>\n<p dir=\"ltr\"><span>Kuvasto (FI)<\/span><\/p>\n<p>&nbsp;<\/p>\n<h4><span>Trusts<br \/><\/span><\/h4>\n<p dir=\"ltr\"><span>2019\u2013<\/span><span> <\/span><span>JukoArt, Teatteri Vanha Juko, Lahti, Consultant (FI)<\/span><\/p>\n<p dir=\"ltr\"><span>2011 <\/span><span> <\/span><span>Lahti Artists\u00b4association member of a board (FI)<\/span><\/p>\n<p dir=\"ltr\"><span>2011<\/span><span> <\/span><span> <\/span><span>Kauno Ry Deputy member of the boards (FI)<\/span><\/p>\n<p>&nbsp;<\/p>\n<h4><span>ACQUISITIONS FOR COLLECTIONS \/ COMMISIONED WORKS<\/span><\/h4>\n<p dir=\"ltr\"><span style=\"font-weight: 400;\">Lahti Museum of Visual Arts Malva (FI)<\/span><\/p>\n<p dir=\"ltr\"><span>Saastamoinen Foundation (FI)<\/span><\/p>\n<p dir=\"ltr\"><span>Helsinki Art Museum (FI)<\/span><\/p>\n<p dir=\"ltr\"><span>Finnish Art Society<\/span><\/p>\n<p dir=\"ltr\"><span>HUS (FI)<\/span><\/p>\n<p dir=\"ltr\"><span>Portrait of the President Sauli Niinist\u00f6 of the Republic of Finland, made together with 100 artist. The Collection of The Prime Ministers Office Finland<\/span><\/p>\n<p dir=\"ltr\"><span>\u201dRainbow loop\u201d, Public sculpture in Helsinki, HUS (FI)<\/span><\/p>\n<p dir=\"ltr\"><span>M\u00e4ntyharju Municipality (FI)<\/span><\/p>\n<p dir=\"ltr\"><span>Art Center Salmela (FI)<\/span><\/p>\n<p dir=\"ltr\"><span>Lahti Art Museum Association (FI)<\/span><\/p>\n<p dir=\"ltr\"><span>The city of Lahti (FI)<\/span><\/p>\n<p dir=\"ltr\"><span>Design foundation (FI)<\/span><\/p>\n<p dir=\"ltr\"><span>Saskiat, Oulu (FI)<\/span><\/p>\n<p>&nbsp;<\/p>\n<p>&nbsp;<\/p>\n<p>[\/et_pb_text][\/et_pb_column][\/et_pb_row][\/et_pb_section]<\/p>","protected":false},"excerpt":{"rendered":"<p>saija.kivikangas(a)gmail.com &nbsp; SAIJA \u00a0KIVIKANGAS s. 1984 Mikkeli, Suomi Asuu ja ty\u00f6skentelee Lahdessa &nbsp; OPINNOT 2021 Kuvataiteen maisteri, Maalaustaide, Taideyliopiston Kuvataideakatemia 2009 Kuvataiteilija AMK, Lahden Ammattikorkeakoulu, Taideinstituutti 2008 AKI, ArtEZ Academie voor Beeldende Kunsten, Enschede, Alankomaat 2004\u2013 05 Kuvataidelinja, Limingan Taidekoulu &nbsp; YKSITYISN\u00c4YTTELYT (valikoidut) 2020 Galleria Live, Helsinki 2020 &lt; O &gt;, MA opinn\u00e4ytety\u00f6n 2. Osa, [&hellip;]<\/p>","protected":false},"author":2,"featured_media":0,"parent":0,"menu_order":0,"comment_status":"closed","ping_status":"closed","template":"","meta":{"_et_pb_use_builder":"on","_et_pb_old_content":"","_et_gb_content_width":"","footnotes":""},"class_list":["post-25","page","type-page","status-publish","hentry"],"_links":{"self":[{"href":"https:\/\/saijakivikangas.com\/en\/wp-json\/wp\/v2\/pages\/25","targetHints":{"allow":["GET"]}}],"collection":[{"href":"https:\/\/saijakivikangas.com\/en\/wp-json\/wp\/v2\/pages"}],"about":[{"href":"https:\/\/saijakivikangas.com\/en\/wp-json\/wp\/v2\/types\/page"}],"author":[{"embeddable":true,"href":"https:\/\/saijakivikangas.com\/en\/wp-json\/wp\/v2\/users\/2"}],"replies":[{"embeddable":true,"href":"https:\/\/saijakivikangas.com\/en\/wp-json\/wp\/v2\/comments?post=25"}],"version-history":[{"count":58,"href":"https:\/\/saijakivikangas.com\/en\/wp-json\/wp\/v2\/pages\/25\/revisions"}],"predecessor-version":[{"id":1078,"href":"https:\/\/saijakivikangas.com\/en\/wp-json\/wp\/v2\/pages\/25\/revisions\/1078"}],"wp:attachment":[{"href":"https:\/\/saijakivikangas.com\/en\/wp-json\/wp\/v2\/media?parent=25"}],"curies":[{"name":"wp","href":"https:\/\/api.w.org\/{rel}","templated":true}]}}